{"id":10,"date":"2024-07-16T17:49:54","date_gmt":"2024-07-16T17:49:54","guid":{"rendered":"http:\/\/seltschach193.at\/?page_id=10"},"modified":"2024-07-17T10:51:54","modified_gmt":"2024-07-17T10:51:54","slug":"contact","status":"publish","type":"page","link":"https:\/\/seltschach193.at\/?page_id=10","title":{"rendered":"Ansprechpartner"},"content":{"rendered":"\n<p>Hallo, und vielen Dank f\u00fcr Ihr Interesse an unserer sch\u00f6nen Ferienwohnung! <\/p>\n\n\n\n<p>Wir freuen uns sehr, Sie als potenziellen Gast zu haben. Wir m\u00f6chten es Ihnen so einfach wie m\u00f6glich machen, die Informationen zu bekommen, die Sie brauchen, deshalb haben wir es m\u00f6glich gemacht, direkt bei uns, den Eigent\u00fcmern, zu buchen und Informationen anzufordern. <\/p>\n\n\n\n<p>Sie k\u00f6nnen mich jederzeit zwischen 19:00 und 21:00 Uhr per E-Mail erreichen, und ich werde mein Bestes tun, um Ihnen so schnell wie m\u00f6glich zu antworten. Da ich in der Kinderbetreuung arbeite, bin ich tags\u00fcber telefonisch nicht erreichbar.<\/p>\n\n\n\n<p>Wenn Sie ein niederl\u00e4ndischer Gast sind, besuchen Sie bitte unsere niederl\u00e4ndische Website www.karinthievakantievilla.nl. <\/p>\n\n\n\n<p>Nochmals vielen Dank, dass Sie unser Haus in Betracht ziehen!<\/p>\n\n\n<div class=\"wpforms-container wpforms-container-full wpforms-block wpforms-block-bcdd2ad9-fc94-4abf-8cb7-73ab369264a7\" id=\"wpforms-109\"><form id=\"wpforms-form-109\" class=\"wpforms-validate wpforms-form wpforms-ajax-form\" data-formid=\"109\" method=\"post\" enctype=\"multipart\/form-data\" action=\"\/index.php?rest_route=%2Fwp%2Fv2%2Fpages%2F10\" data-token=\"c03574b2e73be988dc2ffaf9d7a8fea6\" data-token-time=\"1778844774\"><noscript class=\"wpforms-error-noscript\">Schakel JavaScript in uw browser in om dit formulier in te vullen.<\/noscript><div class=\"wpforms-field-container\"><div id=\"wpforms-109-field_0-container\" class=\"wpforms-field wpforms-field-name\" data-field-id=\"0\"><label class=\"wpforms-field-label\">Name <span class=\"wpforms-required-label\">*<\/span><\/label><div class=\"wpforms-field-row wpforms-field-medium\"><div class=\"wpforms-field-row-block wpforms-first wpforms-one-half\"><input type=\"text\" id=\"wpforms-109-field_0\" class=\"wpforms-field-name-first wpforms-field-required\" name=\"wpforms[fields][0][first]\" required><label for=\"wpforms-109-field_0\" class=\"wpforms-field-sublabel after\">Eerste<\/label><\/div><div class=\"wpforms-field-row-block wpforms-one-half\"><input type=\"text\" id=\"wpforms-109-field_0-last\" class=\"wpforms-field-name-last wpforms-field-required\" name=\"wpforms[fields][0][last]\" required><label for=\"wpforms-109-field_0-last\" class=\"wpforms-field-sublabel after\">Achternaam<\/label><\/div><\/div><div class=\"wpforms-field-description\">Vorname                   Familienname<\/div><\/div><div id=\"wpforms-109-field_1-container\" class=\"wpforms-field wpforms-field-email\" data-field-id=\"1\"><label class=\"wpforms-field-label\" for=\"wpforms-109-field_1\">E-mail <span class=\"wpforms-required-label\">*<\/span><\/label><input type=\"email\" id=\"wpforms-109-field_1\" class=\"wpforms-field-medium wpforms-field-required\" name=\"wpforms[fields][1]\" spellcheck=\"false\" required><\/div><div id=\"wpforms-109-field_2-container\" class=\"wpforms-field wpforms-field-textarea\" data-field-id=\"2\"><label class=\"wpforms-field-label\" for=\"wpforms-109-field_2\">Antwort oder Nachricht<\/label><textarea id=\"wpforms-109-field_2\" class=\"wpforms-field-medium\" name=\"wpforms[fields][2]\" ><\/textarea><\/div><\/div><!-- .wpforms-field-container --><div class=\"wpforms-submit-container\" ><input type=\"hidden\" name=\"wpforms[id]\" value=\"109\"><input type=\"hidden\" name=\"page_title\" value=\"\"><input type=\"hidden\" name=\"page_url\" value=\"https:\/\/seltschach193.at\/index.php?rest_route=\/wp\/v2\/pages\/10\"><input type=\"hidden\" name=\"url_referer\" value=\"\"><button type=\"submit\" name=\"wpforms[submit]\" id=\"wpforms-submit-109\" class=\"wpforms-submit\" data-alt-text=\"Senden...\" data-submit-text=\"Senden\" aria-live=\"assertive\" value=\"wpforms-submit\">Senden<\/button><img loading=\"lazy\" decoding=\"async\" src=\"https:\/\/seltschach193.at\/wp-content\/plugins\/wpforms-lite\/assets\/images\/submit-spin.svg\" class=\"wpforms-submit-spinner\" style=\"display: none;\" width=\"26\" height=\"26\" alt=\"Aan het laden\"><\/div><\/form><\/div>  <!-- .wpforms-container -->","protected":false},"excerpt":{"rendered":"<p>Hallo, und vielen Dank f\u00fcr Ihr Interesse an unserer sch\u00f6nen Ferienwohnung! Wir freuen uns sehr, Sie als potenziellen Gast zu haben. Wir m\u00f6chten es Ihnen so einfach wie m\u00f6glich machen, die Informationen zu bekommen, die Sie brauchen, deshalb haben wir es m\u00f6glich gemacht, direkt bei uns, den Eigent\u00fcmern, zu buchen [&hellip;]<\/p>\n","protected":false},"author":1,"featured_media":53,"parent":0,"menu_order":0,"comment_status":"closed","ping_status":"closed","template":"","meta":{"footnotes":""},"class_list":["post-10","page","type-page","status-publish","has-post-thumbnail","hentry"],"_links":{"self":[{"href":"https:\/\/seltschach193.at\/index.php?rest_route=\/wp\/v2\/pages\/10","targetHints":{"allow":["GET"]}}],"collection":[{"href":"https:\/\/seltschach193.at\/index.php?rest_route=\/wp\/v2\/pages"}],"about":[{"href":"https:\/\/seltschach193.at\/index.php?rest_route=\/wp\/v2\/types\/page"}],"author":[{"embeddable":true,"href":"https:\/\/seltschach193.at\/index.php?rest_route=\/wp\/v2\/users\/1"}],"replies":[{"embeddable":true,"href":"https:\/\/seltschach193.at\/index.php?rest_route=%2Fwp%2Fv2%2Fcomments&post=10"}],"version-history":[{"count":4,"href":"https:\/\/seltschach193.at\/index.php?rest_route=\/wp\/v2\/pages\/10\/revisions"}],"predecessor-version":[{"id":156,"href":"https:\/\/seltschach193.at\/index.php?rest_route=\/wp\/v2\/pages\/10\/revisions\/156"}],"wp:featuredmedia":[{"embeddable":true,"href":"https:\/\/seltschach193.at\/index.php?rest_route=\/wp\/v2\/media\/53"}],"wp:attachment":[{"href":"https:\/\/seltschach193.at\/index.php?rest_route=%2Fwp%2Fv2%2Fmedia&parent=10"}],"curies":[{"name":"wp","href":"https:\/\/api.w.org\/{rel}","templated":true}]}}