{"id":179,"date":"2024-07-19T10:32:32","date_gmt":"2024-07-19T10:32:32","guid":{"rendered":"https:\/\/seltschach193.at\/?page_id=179"},"modified":"2024-07-19T10:32:33","modified_gmt":"2024-07-19T10:32:33","slug":"jetzt-reservieren","status":"publish","type":"page","link":"https:\/\/seltschach193.at\/?page_id=179","title":{"rendered":"Jetzt reservieren!"},"content":{"rendered":"\n<p>Es gibt zwei M\u00f6glichkeiten der Buchung.<\/p>\n\n\n\n<p>1) Sie buchen direkt beim Eigent\u00fcmer und schicken mir eine E-Mail mit allen Details, damit ich den Vertrag und die Rechnung vorbereiten kann. Die E-Mail Adresse lautet <a href=\"mailto:vermietung@seltschach193.at\">vermietung@seltschach193.at<\/a><\/p>\n\n\n\n<p>2) Sie buchen \u00fcber eine Buchungsplattform. Diese \u00fcbernimmt dann die Abrechnung und schickt Ihnen direkt eine Best\u00e4tigung. Sie k\u00f6nnen die Verf\u00fcgbarkeit auf der Buchungsplattform \u00fcberpr\u00fcfen. <a href=\"https:\/\/www.holidu.nl\/d\/57466444?searchId=f985d482-8485-4bdd-986e-bdf3ddd99e7a&amp;searchTerm=Seltschach%2C+Arnoldstein%2C+Oostenrijk&amp;adults=2&amp;children=2&amp;pageSize=30&amp;asyncSubscriptions=true&amp;hasGConfig=true&amp;locale=nl-NL&amp;currency=EUR#article\">FerienhausSeltschach193<\/a>. <\/p>\n","protected":false},"excerpt":{"rendered":"<p>Es gibt zwei M\u00f6glichkeiten der Buchung. 1) Sie buchen direkt beim Eigent\u00fcmer und schicken mir eine E-Mail mit allen Details, damit ich den Vertrag und die Rechnung vorbereiten kann. Die E-Mail Adresse lautet vermietung@seltschach193.at 2) Sie buchen \u00fcber eine Buchungsplattform. Diese \u00fcbernimmt dann die Abrechnung und schickt Ihnen direkt eine [&hellip;]<\/p>\n","protected":false},"author":1,"featured_media":0,"parent":0,"menu_order":0,"comment_status":"closed","ping_status":"closed","template":"","meta":{"footnotes":""},"class_list":["post-179","page","type-page","status-publish","hentry"],"_links":{"self":[{"href":"https:\/\/seltschach193.at\/index.php?rest_route=\/wp\/v2\/pages\/179","targetHints":{"allow":["GET"]}}],"collection":[{"href":"https:\/\/seltschach193.at\/index.php?rest_route=\/wp\/v2\/pages"}],"about":[{"href":"https:\/\/seltschach193.at\/index.php?rest_route=\/wp\/v2\/types\/page"}],"author":[{"embeddable":true,"href":"https:\/\/seltschach193.at\/index.php?rest_route=\/wp\/v2\/users\/1"}],"replies":[{"embeddable":true,"href":"https:\/\/seltschach193.at\/index.php?rest_route=%2Fwp%2Fv2%2Fcomments&post=179"}],"version-history":[{"count":1,"href":"https:\/\/seltschach193.at\/index.php?rest_route=\/wp\/v2\/pages\/179\/revisions"}],"predecessor-version":[{"id":180,"href":"https:\/\/seltschach193.at\/index.php?rest_route=\/wp\/v2\/pages\/179\/revisions\/180"}],"wp:attachment":[{"href":"https:\/\/seltschach193.at\/index.php?rest_route=%2Fwp%2Fv2%2Fmedia&parent=179"}],"curies":[{"name":"wp","href":"https:\/\/api.w.org\/{rel}","templated":true}]}}