{"id":3,"date":"2024-07-16T16:42:37","date_gmt":"2024-07-16T16:42:37","guid":{"rendered":"http:\/\/seltschach193.at\/?page_id=3"},"modified":"2024-07-19T10:53:10","modified_gmt":"2024-07-19T10:53:10","slug":"privacy-policy","status":"publish","type":"page","link":"https:\/\/seltschach193.at\/?page_id=3","title":{"rendered":"Privacy Policy"},"content":{"rendered":"\n<h2 class=\"wp-block-heading\">Seltschach 193, gelegen als K\u00e4rnten Ferienhaus\/ Seltschach 193.at<br>Seltschach 193<br>9601 Arnoldstein, ist verantwortlich f\u00fcr die Verarbeitung personenbezogener Daten, wie in dieser Datenschutzerkl\u00e4rung beschrieben.<\/h2>\n\n\n\n<p>Kontaktinformationen:<br>https:\/\/www.seltschach193.at.<br>K\u00e4rnten Ferienvilla<br>Seltschach 193<br>9601 Arnoldstein<br>+31618845730<\/p>\n\n\n\n<p>Personenbezogene Daten, die wir verarbeiten<br>Seltschach 193 verarbeitet Ihre personenbezogenen Daten, weil Sie unsere Dienste nutzen und weil Sie uns diese Daten selbst zur Verf\u00fcgung stellen.<\/p>\n\n\n\n<p>Nachstehend finden Sie einen \u00dcberblick \u00fcber die von uns verarbeiteten personenbezogenen Daten:<\/p>\n\n\n\n<ul class=\"wp-block-list\">\n<li>Vor- und Nachname<\/li>\n\n\n\n<li>Adressdaten<\/li>\n\n\n\n<li>Telefon-Nummer<\/li>\n\n\n\n<li>E-Mail Adresse<\/li>\n\n\n\n<li>Anzahl der G\u00e4ste und Verteilung von Kindern und Erwachsenen<\/li>\n\n\n\n<li>Buchungszeitraum<\/li>\n<\/ul>\n\n\n\n<p>Personenbezogene Daten, die wir verarbeiten<br>Seltschach 193 verarbeitet personenbezogene Daten, da personenbezogene Daten auf unserer Website \u00fcber das Anfrageformular hinterlassen werden k\u00f6nnen. Wir verwenden auch Social-Media-Plugins, die Sie oben auf der Website finden.<\/p>\n\n\n\n<p>Besondere und\/oder sensible personenbezogene Daten, die wir verarbeiten<br>Unsere Website bzw. unser Dienst beabsichtigt nicht, Daten von Website-Besuchern zu erfassen, die unter 16 Jahre alt sind. Es sei denn, sie haben die Erlaubnis ihrer Eltern oder Erziehungsberechtigten. Wir k\u00f6nnen jedoch nicht \u00fcberpr\u00fcfen, ob ein Besucher \u00e4lter als 16 Jahre ist. Wir raten daher den Eltern, sich mit den Online-Aktivit\u00e4ten ihrer Kinder zu befassen, um zu vermeiden, dass ohne elterliche Zustimmung Daten \u00fcber Kinder gesammelt werden. Wenn Sie davon \u00fcberzeugt sind, dass wir personenbezogene Daten \u00fcber einen Minderj\u00e4hrigen ohne eine solche Zustimmung gesammelt haben, wenden Sie sich bitte an anfrage@seltschach193.at, und wir werden diese Informationen l\u00f6schen.<\/p>\n\n\n\n<p>Zu welchem Zweck und auf welcher Grundlage wir personenbezogene Daten verarbeiten<br>Seltschach 193 verarbeitet Ihre personenbezogenen Daten f\u00fcr die folgenden Zwecke:<\/p>\n\n\n\n<ul class=\"wp-block-list\">\n<li>Zahlungsabwicklung<\/li>\n\n\n\n<li>Versenden unseres Newsletters<\/li>\n\n\n\n<li>Sie anzurufen oder Ihnen eine E-Mail zu schicken, wenn dies zur Erbringung unserer Dienstleistungen notwendig ist, z.B. um Ihnen Informationen zum Einchecken oder zur Nutzung des Hauses zu geben.<\/li>\n\n\n\n<li>Information \u00fcber \u00c4nderungen an unseren Dienstleistungen und Produkten<\/li>\n\n\n\n<li>Seltschach 193 verarbeitet auch personenbezogene Daten, wenn wir dazu gesetzlich verpflichtet sind, wie z.B. Daten, die wir f\u00fcr unsere Steuererkl\u00e4rung in \u00d6sterreich ben\u00f6tigen.<\/li>\n<\/ul>\n\n\n\n<p>Automatisierte Entscheidungsfindung<br>Seltschach 193 trifft #Verantwortungsentscheidungen auf der Grundlage automatisierter Verarbeitung \u00fcber Angelegenheiten, die Einzelpersonen (erheblich) beeintr\u00e4chtigen k\u00f6nnten. Dies sind Entscheidungen, die von Computerprogrammen oder -systemen getroffen werden, ohne dass ein Mensch (z.B. ein Mitarbeiter von Seltschach 193) daran beteiligt ist. Seltschach 193 verwendet die folgenden Computerprogramme oder -systeme:<\/p>\n\n\n\n<p>WordPress f\u00fcr die Erstellung und Pflege der Website, dies mache ich selbst.<br>Mailchimp f\u00fcr den Versand des Newsletters, ich stelle den Inhalt zur Verf\u00fcgung und Mailchimp versendet.<br>Word und Excel f\u00fcr die Erstellung von Vertr\u00e4gen und Rechnungen, das mache ich selbst.<br>Au\u00dferdem ist das Ferienhaus auf der Website von Holiday Home gelistet, die dies aktiv \u00fcber 15 Buchungsplattformen verbreitet. Nur wenn Sie diese Seiten aktiv besuchen, werden die Plattformen selbst die Daten verwenden und speichern. Carinthia Holiday Villa und Seltschach193.at sind f\u00fcr Ihren eigenen Besuch nicht verantwortlich.<\/p>\n\n\n\n<p>Wie lange wir pers\u00f6nliche Daten aufbewahren<\/p>\n\n\n\n<p>Seltschach 193 speichert Ihre personenbezogenen Daten nur so lange, wie es f\u00fcr die Erf\u00fcllung der Zwecke, f\u00fcr die Ihre Daten erhoben wurden, unbedingt erforderlich ist. Wir verwenden die folgenden Aufbewahrungsfristen f\u00fcr die folgenden (Kategorien von) personenbezogenen Daten:<br>Die von den \u00f6sterreichischen Steuerbeh\u00f6rden geforderte gesetzliche Frist.<\/p>\n\n\n\n<p>Weitergabe personenbezogener Daten an Dritte<br>Seltschach 193 verkauft Ihre Daten nicht an Dritte und gibt sie nur weiter, wenn dies f\u00fcr die Erf\u00fcllung unseres Vertrags mit Ihnen oder zur Erf\u00fcllung einer gesetzlichen Verpflichtung erforderlich ist. Wir schlie\u00dfen mit Unternehmen, die Ihre Daten in unserem Auftrag verarbeiten, einen Auftragsverarbeitungsvertrag ab, um das gleiche Ma\u00df an Sicherheit und Vertraulichkeit f\u00fcr Ihre Daten zu gew\u00e4hrleisten. Denken Sie an Mailchimp f\u00fcr den Versand des Newsletters an die angegebene E-Mail-Adresse oder die \u00dcbermittlung der Rechnungen an die Buchhaltungsfirma.<\/p>\n\n\n\n<p>Cookies oder \u00e4hnliche Techniken, die wir verwenden<br>Seltschach 193 verwendet nur technische und funktionelle Cookies. Und analytische Cookies, die nicht in Ihre Privatsph\u00e4re eindringen. Ein Cookie ist eine kleine Textdatei, die auf Ihrem Computer, Tablet oder Smartphone gespeichert wird, wenn Sie diese Website zum ersten Mal besuchen. Die von uns verwendeten Cookies sind f\u00fcr den technischen Betrieb der Website und Ihre Benutzerfreundlichkeit notwendig. Sie stellen sicher, dass die Website ordnungsgem\u00e4\u00df funktioniert und merken sich beispielsweise Ihre Pr\u00e4ferenzen. Sie erm\u00f6glichen es uns auch, unsere Website zu optimieren. Sie k\u00f6nnen Cookies ablehnen, indem Sie Ihren Internetbrowser so konfigurieren, dass er keine Cookies mehr speichert. Au\u00dferdem k\u00f6nnen Sie \u00fcber die Einstellungen Ihres Browsers alle zuvor gespeicherten Informationen l\u00f6schen.<\/p>\n\n\n\n<p>Bei Ihrem ersten Besuch auf unserer Website haben wir Sie bereits \u00fcber diese Cookies informiert und um Ihre Erlaubnis gebeten, sie zu setzen.<\/p>\n\n\n\n<p>Sie k\u00f6nnen sich gegen Cookies entscheiden, indem Sie Ihren Internetbrowser so einstellen, dass keine Cookies mehr gespeichert werden. Sie k\u00f6nnen auch alle zuvor gespeicherten Informationen \u00fcber Ihre Browsereinstellungen l\u00f6schen.<\/p>\n\n\n\n<p>F\u00fcr eine Erkl\u00e4rung siehe: https:\/\/veiliginternetten.nl\/themes\/situatie\/cookies-wat-zijn-het-en-wat-doe-ik-ermee\/<\/p>\n\n\n\n<p>Einsichtnahme, Berichtigung oder L\u00f6schung von Daten<br>Sie haben das Recht, Ihre personenbezogenen Daten einzusehen, zu berichtigen oder zu l\u00f6schen. Dies k\u00f6nnen Sie selbst \u00fcber die pers\u00f6nlichen Einstellungen Ihres Kontos tun. Sie haben auch das Recht, Ihre eventuelle Einwilligung zur Datenverarbeitung zu widerrufen oder der Verarbeitung Ihrer personenbezogenen Daten durch unser Unternehmen zu widersprechen, und Sie haben das Recht auf Daten\u00fcbertragbarkeit. Dies bedeutet, dass Sie bei uns beantragen k\u00f6nnen, dass die personenbezogenen Daten, die wir \u00fcber Sie in einer Computerdatei gespeichert haben, an Sie oder eine andere von Ihnen benannte Organisation \u00fcbermittelt werden.<\/p>\n\n\n\n<p>Wenn Sie von Ihrem Widerspruchsrecht und\/oder Ihrem Recht auf Daten\u00fcbertragbarkeit Gebrauch machen m\u00f6chten oder sonstige Fragen\/Anmerkungen zur Datenverarbeitung haben, senden Sie bitte einen detaillierten Antrag an anfrage@seltschach193.at.<\/p>\n\n\n\n<p>Um sicherzustellen, dass der Antrag auf Einsichtnahme von Ihnen gestellt wird, bitten wir Sie, dem Antrag eine Kopie Ihres Identit\u00e4tsnachweises beizuf\u00fcgen. Schw\u00e4rzen Sie auf dieser Kopie Ihr Passfoto, die MRZ (maschinenlesbare Zone, der Zahlenstreifen am unteren Rand des Passes), die Passnummer und die B\u00fcrgerservicenummer (BSN). Dies dient dem Schutz Ihrer Privatsph\u00e4re. Seltschach 193 wird Ihre Anfrage so schnell wie m\u00f6glich, in jedem Fall aber innerhalb von vier Wochen beantworten.<\/p>\n\n\n\n<p>Seltschach 193 m\u00f6chte Sie auch darauf hinweisen, dass Sie die M\u00f6glichkeit haben, eine Beschwerde bei der nationalen Aufsichtsbeh\u00f6rde, der Beh\u00f6rde f\u00fcr personenbezogene Daten, einzureichen. Sie k\u00f6nnen dies \u00fcber den folgenden Link tun: https:\/\/autoriteitpersoonsgegevens.nl\/nl\/contact-met-de-autoriteit-persoonsgegevens\/tip-ons<\/p>\n\n\n\n<p>Wie wir personenbezogene Daten sch\u00fctzen<br>Seltschach 193 nimmt den Schutz Ihrer Daten ernst und ergreift geeignete Ma\u00dfnahmen, um Missbrauch, Verlust, unbefugten Zugriff, unerw\u00fcnschte Offenlegung und unbefugte \u00c4nderung zu verhindern. Sollten Sie dennoch den Eindruck haben, dass Ihre Daten nicht ordnungsgem\u00e4\u00df gesichert sind oder es Anzeichen f\u00fcr einen Missbrauch gibt, wenden Sie sich bitte an unseren Kundendienst unter anfrage@seltschach193.at.<\/p>\n","protected":false},"excerpt":{"rendered":"<p>Seltschach 193, gelegen als K\u00e4rnten Ferienhaus\/ Seltschach 193.atSeltschach 1939601 Arnoldstein, ist verantwortlich f\u00fcr die Verarbeitung personenbezogener Daten, wie in dieser Datenschutzerkl\u00e4rung beschrieben. Kontaktinformationen:https:\/\/www.seltschach193.at.K\u00e4rnten FerienvillaSeltschach 1939601 Arnoldstein+31618845730 Personenbezogene Daten, die wir verarbeitenSeltschach 193 verarbeitet Ihre personenbezogenen Daten, weil Sie unsere Dienste nutzen und weil Sie uns diese Daten selbst zur Verf\u00fcgung [&hellip;]<\/p>\n","protected":false},"author":1,"featured_media":0,"parent":0,"menu_order":0,"comment_status":"closed","ping_status":"open","template":"","meta":{"footnotes":""},"class_list":["post-3","page","type-page","status-publish","hentry"],"_links":{"self":[{"href":"https:\/\/seltschach193.at\/index.php?rest_route=\/wp\/v2\/pages\/3","targetHints":{"allow":["GET"]}}],"collection":[{"href":"https:\/\/seltschach193.at\/index.php?rest_route=\/wp\/v2\/pages"}],"about":[{"href":"https:\/\/seltschach193.at\/index.php?rest_route=\/wp\/v2\/types\/page"}],"author":[{"embeddable":true,"href":"https:\/\/seltschach193.at\/index.php?rest_route=\/wp\/v2\/users\/1"}],"replies":[{"embeddable":true,"href":"https:\/\/seltschach193.at\/index.php?rest_route=%2Fwp%2Fv2%2Fcomments&post=3"}],"version-history":[{"count":2,"href":"https:\/\/seltschach193.at\/index.php?rest_route=\/wp\/v2\/pages\/3\/revisions"}],"predecessor-version":[{"id":183,"href":"https:\/\/seltschach193.at\/index.php?rest_route=\/wp\/v2\/pages\/3\/revisions\/183"}],"wp:attachment":[{"href":"https:\/\/seltschach193.at\/index.php?rest_route=%2Fwp%2Fv2%2Fmedia&parent=3"}],"curies":[{"name":"wp","href":"https:\/\/api.w.org\/{rel}","templated":true}]}}